{"id":547,"date":"2022-05-06T05:20:08","date_gmt":"2022-05-06T05:20:08","guid":{"rendered":"https:\/\/coopzumbico.com\/index.php\/fully-green-homepage-lite\/"},"modified":"2025-03-16T00:41:18","modified_gmt":"2025-03-16T00:41:18","slug":"fully-green-homepage-lite","status":"publish","type":"page","link":"https:\/\/coopzumbico.com\/","title":{"rendered":"Fully Green Homepage Lite"},"content":{"rendered":"\n<div class=\"wp-block-uagb-container uagb-block-2e345bf2 alignfull uagb-is-root-container\"><div class=\"uagb-container-inner-blocks-wrap\">\n<div class=\"wp-block-uagb-info-box uagb-block-6c6c0646 uagb-infobox__content-wrap  uagb-infobox-icon-above-title uagb-infobox-image-valign-top\"><div class=\"uagb-ifb-content\"><div class=\"uagb-ifb-title-wrap\"><h1 class=\"uagb-ifb-title\"><img loading=\"lazy\" decoding=\"async\" width=\"150\" height=\"150\" class=\"wp-image-551\" style=\"width: 150px;\" src=\"https:\/\/coopzumbico.com\/wp-content\/uploads\/2023\/05\/cropped-cropped-Logo-Cooperativa-Zumbico-edit.png\" alt=\"\" srcset=\"https:\/\/coopzumbico.com\/wp-content\/uploads\/2023\/05\/cropped-cropped-Logo-Cooperativa-Zumbico-edit.png 512w, https:\/\/coopzumbico.com\/wp-content\/uploads\/2023\/05\/cropped-cropped-Logo-Cooperativa-Zumbico-edit-300x300.png 300w, https:\/\/coopzumbico.com\/wp-content\/uploads\/2023\/05\/cropped-cropped-Logo-Cooperativa-Zumbico-edit-150x150.png 150w, https:\/\/coopzumbico.com\/wp-content\/uploads\/2023\/05\/cropped-cropped-Logo-Cooperativa-Zumbico-edit-270x270.png 270w, https:\/\/coopzumbico.com\/wp-content\/uploads\/2023\/05\/cropped-cropped-Logo-Cooperativa-Zumbico-edit-192x192.png 192w, https:\/\/coopzumbico.com\/wp-content\/uploads\/2023\/05\/cropped-cropped-Logo-Cooperativa-Zumbico-edit-180x180.png 180w, https:\/\/coopzumbico.com\/wp-content\/uploads\/2023\/05\/cropped-cropped-Logo-Cooperativa-Zumbico-edit-32x32.png 32w\" sizes=\"auto, (max-width: 150px) 100vw, 150px\" \/><br><br><mark style=\"background-color:rgba(0, 0, 0, 0);color:#189354\" class=\"has-inline-color\">COOPZUMBICO<\/mark><\/h1><\/div><p class=\"uagb-ifb-desc\"><strong><mark style=\"background-color:rgba(0, 0, 0, 0);color:#189354\" class=\"has-inline-color\">Cooperativa multiactiva de Zumbico<\/mark><\/strong><\/p><div class=\"uagb-ifb-button-wrapper wp-block-button\"><a href=\"#\" class=\"uagb-infobox-cta-link wp-block-button__link\" target=\"_self\" rel=\"noopener noreferrer\" onclick=\"return false;\" alt=\"\"><span class=\"uagb-inline-editing\">Qui\u00e9nes somos<\/span><\/a><\/div><\/div><\/div>\n<\/div><\/div>\n\n\n\n<div class=\"wp-block-uagb-container uagb-block-534a9694 alignfull uagb-is-root-container\"><div class=\"uagb-container-inner-blocks-wrap\">\n<div class=\"wp-block-uagb-container uagb-block-e1245519\">\n<div class=\"wp-block-uagb-container uagb-block-5933642d\">\n<div class=\"wp-block-uagb-info-box uagb-block-3684af27 uagb-infobox__content-wrap  uagb-infobox-icon-above-title uagb-infobox-image-valign-top\"><div class=\"uagb-ifb-content\"><div class=\"uagb-ifb-icon-wrap\"><svg xmlns=\"https:\/\/www.w3.org\/2000\/svg\" viewBox=\"0 0 640 512\"><path d=\"M634 276.8l-9.999-13.88L624 185.7c0-11.88-12.5-19.49-23.12-14.11c-10.88 5.375-19.5 13.5-26.38 23l-65.75-90.92C490.6 78.71 461.8 64 431 64H112C63.37 64 24 103.4 24 152v86.38C9.5 250.1 0 267.9 0 288v32h8c35.38 0 64-28.62 64-64L72 152c0-16.88 10.5-31.12 25.38-37C96.5 119.1 96 123.5 96 128l.0002 304c0 8.875 7.126 16 16 16h63.1c8.875 0 16-7.125 16-16l.0006-112c9.375 9.375 20.25 16.5 32 21.88V368c0 8.875 7.252 16 16 16c8.875 0 15.1-7.125 15.1-16v-17.25c9.125 1 12.88 2.25 32-.125V368c0 8.875 7.25 16 16 16c8.875 0 16-7.125 16-16v-26.12C331.8 336.5 342.6 329.2 352 320l-.0012 112c0 8.875 7.125 16 15.1 16h64c8.75 0 16-7.125 16-16V256l31.1 32l.0006 41.55c0 12.62 3.752 24.95 10.75 35.45l41.25 62C540.8 440.1 555.5 448 571.4 448c22.5 0 41.88-15.88 46.25-38l21.75-108.6C641.1 292.8 639.1 283.9 634 276.8zM377.3 167.4l-22.88 22.75C332.5 211.8 302.9 224 272.1 224S211.5 211.8 189.6 190.1L166.8 167.4C151 151.8 164.4 128 188.9 128h166.2C379.6 128 393 151.8 377.3 167.4zM576 352c-8.875 0-16-7.125-16-16s7.125-16 16-16s16 7.125 16 16S584.9 352 576 352z\"><\/path><\/svg><\/div><div class=\"uagb-ifb-title-wrap\"><h6 class=\"uagb-ifb-title\">Producci\u00f3n ganadera<\/h6><\/div><p class=\"uagb-ifb-desc\">Actividad de cr\u00eda y manejo de animales para la obtenci\u00f3n de productos pecuarios.<br><br><br><br>Los miembros o ganaderos pueden unirse y aprovechar sinergias, compartir recursos y conocimientos, y obtener beneficios econ\u00f3micos de manera colectiva.<\/p><\/div><\/div>\n<\/div>\n\n\n\n<div class=\"wp-block-uagb-container uagb-block-1f65295f\">\n<div class=\"wp-block-uagb-info-box uagb-block-d2abf3e1 uagb-infobox__content-wrap  uagb-infobox-icon-above-title uagb-infobox-image-valign-top\"><div class=\"uagb-ifb-content\"><div class=\"uagb-ifb-icon-wrap\"><svg xmlns=\"https:\/\/www.w3.org\/2000\/svg\" viewBox=\"0 0 576 512\"><path d=\"M288 0C422.4 0 512 35.2 512 80V128C529.7 128 544 142.3 544 160V224C544 241.7 529.7 256 512 256L512 416C512 433.7 497.7 448 480 448V480C480 497.7 465.7 512 448 512H416C398.3 512 384 497.7 384 480V448H192V480C192 497.7 177.7 512 160 512H128C110.3 512 96 497.7 96 480V448C78.33 448 64 433.7 64 416L64 256C46.33 256 32 241.7 32 224V160C32 142.3 46.33 128 64 128V80C64 35.2 153.6 0 288 0zM128 256C128 273.7 142.3 288 160 288H272V128H160C142.3 128 128 142.3 128 160V256zM304 288H416C433.7 288 448 273.7 448 256V160C448 142.3 433.7 128 416 128H304V288zM144 400C161.7 400 176 385.7 176 368C176 350.3 161.7 336 144 336C126.3 336 112 350.3 112 368C112 385.7 126.3 400 144 400zM432 400C449.7 400 464 385.7 464 368C464 350.3 449.7 336 432 336C414.3 336 400 350.3 400 368C400 385.7 414.3 400 432 400zM368 64H208C199.2 64 192 71.16 192 80C192 88.84 199.2 96 208 96H368C376.8 96 384 88.84 384 80C384 71.16 376.8 64 368 64z\"><\/path><\/svg><\/div><div class=\"uagb-ifb-title-wrap\"><h6 class=\"uagb-ifb-title\">Servicio de transporte<\/h6><\/div><p class=\"uagb-ifb-desc\">Actividad de diferentes tipos de transporte de pasajeros, trasporte de carga o el transporte de mercanc\u00edas.<br><br>Los miembros o propietarios pueden involucrarse en estas actividades colaborando para proporcionar el servicio de manera eficiente y beneficiosa para todos. <\/p><\/div><\/div>\n<\/div>\n\n\n\n<div class=\"wp-block-uagb-container uagb-block-2958ee8f\">\n<div class=\"wp-block-uagb-info-box uagb-block-672b09c6 uagb-infobox__content-wrap  uagb-infobox-icon-above-title uagb-infobox-image-valign-top\"><div class=\"uagb-ifb-content\"><div class=\"uagb-ifb-icon-wrap\"><svg xmlns=\"https:\/\/www.w3.org\/2000\/svg\" viewBox=\"0 0 640 512\"><path d=\"M0 155.2C0 147.9 2.153 140.8 6.188 134.7L81.75 21.37C90.65 8.021 105.6 0 121.7 0H518.3C534.4 0 549.3 8.021 558.2 21.37L633.8 134.7C637.8 140.8 640 147.9 640 155.2C640 175.5 623.5 192 603.2 192H36.84C16.5 192 .0003 175.5 .0003 155.2H0zM64 224H128V384H320V224H384V464C384 490.5 362.5 512 336 512H112C85.49 512 64 490.5 64 464V224zM512 224H576V480C576 497.7 561.7 512 544 512C526.3 512 512 497.7 512 480V224z\"><\/path><\/svg><\/div><div class=\"uagb-ifb-title-wrap\"><h6 class=\"uagb-ifb-title\"><strong>Autoservicio<\/strong><\/h6><\/div><p class=\"uagb-ifb-desc\">Espacio f\u00edsico donde los productos y servicios est\u00e1n disponibles para que los clientes y miembros puedan seleccionar y adquirir dichos productos por s\u00ed mismos, es decir sin la asistencia directa de empleados o dependientes.<br><br><br><br><\/p><\/div><\/div>\n<\/div>\n<\/div>\n\n\n\n<div class=\"wp-block-uagb-buttons uagb-buttons__outer-wrap uagb-btn__default-btn uagb-btn-tablet__default-btn uagb-btn-mobile__default-btn uagb-block-71116033\"><div class=\"uagb-buttons__wrap uagb-buttons-layout-wrap\">\n<div class=\"wp-block-uagb-buttons-child uagb-buttons__outer-wrap uagb-block-57b0f20f wp-block-button is-style-outline\"><div class=\"uagb-button__wrapper\"><a class=\"uagb-buttons-repeater wp-block-button__link has-background has-text-color\" href=\"#\" onclick=\"return false;\" rel=\"follow noopener\" target=\"_self\"><div class=\"uagb-button__link\">Ver m\u00e1s servicios<\/div><\/a><\/div><\/div>\n<\/div><\/div>\n<\/div><\/div>\n\n\n\n<div class=\"wp-block-uagb-container uagb-block-d6cef599 alignfull uagb-is-root-container\">\n<div class=\"wp-block-uagb-container uagb-block-c64a3c9b\">\n<div class=\"wp-block-uagb-image uagb-block-e8b5f975 wp-block-uagb-image--layout-default wp-block-uagb-image--effect-static wp-block-uagb-image--align-none\"><figure class=\"wp-block-uagb-image__figure\"><img decoding=\"async\" srcset=\"https:\/\/coopzumbico.com\/wp-content\/uploads\/2023\/05\/group-of-people-working-out-business-plan-in-an-office.png , https:\/\/coopzumbico.com\/wp-content\/uploads\/2023\/05\/last-picture.jpg 360w\" sizes=\"auto, (max-width: 480px) 150px\" src=\"https:\/\/coopzumbico.com\/wp-content\/uploads\/2023\/05\/group-of-people-working-out-business-plan-in-an-office.png\" alt=\"\" class=\"uag-image-666\" width=\"5040\" height=\"3360\" title=\"\" loading=\"lazy\"\/><\/figure><\/div>\n<\/div>\n\n\n\n<div class=\"wp-block-uagb-container uagb-block-f9fff72b\">\n<div class=\"wp-block-uagb-info-box uagb-block-f3fe94da uagb-infobox__content-wrap  uagb-infobox-icon-above-title uagb-infobox-image-valign-top\" id=\"<a-href=&quot;mailto:elcorreoquequieres@correo.com&quot;&gt;Aqu\u00ed-el-texto-que-quieras<\/a&gt;\"><div class=\"uagb-ifb-content\"><div class=\"uagb-ifb-icon-wrap\"><svg xmlns=\"https:\/\/www.w3.org\/2000\/svg\" viewBox=\"0 0 512 512\"><path d=\"M0 256C0 114.6 114.6 0 256 0C397.4 0 512 114.6 512 256C512 397.4 397.4 512 256 512C114.6 512 0 397.4 0 256zM371.8 211.8C382.7 200.9 382.7 183.1 371.8 172.2C360.9 161.3 343.1 161.3 332.2 172.2L224 280.4L179.8 236.2C168.9 225.3 151.1 225.3 140.2 236.2C129.3 247.1 129.3 264.9 140.2 275.8L204.2 339.8C215.1 350.7 232.9 350.7 243.8 339.8L371.8 211.8z\"><\/path><\/svg><\/div><div class=\"uagb-ifb-title-wrap\"><h3 class=\"uagb-ifb-title\">\u00danete a Nuestra Cooperativa: Juntos Hacemos la Diferencia<\/h3><\/div><p class=\"uagb-ifb-desc\">En Coopzumbico, creemos en el poder de la uni\u00f3n y la colaboraci\u00f3n. Somos una comunidad comprometida con el crecimiento sostenible, el apoyo mutuo y el bienestar de todos nuestros miembros. Si buscas ser parte de algo m\u00e1s grande, donde tu esfuerzo y participaci\u00f3n se traduzcan en beneficios para ti y tu comunidad, \u00a1este es el lugar!<br><br><strong>\u00bfC\u00f3mo asociarte?<\/strong><br>El proceso es sencillo para todos aquellos comuneros que compartan nuestros valores de cooperaci\u00f3n, transparencia y responsabilidad. Solo necesitas:<br><br>1. Contactarnos a trav\u00e9s de gerente@coopzumbico.com. <br><strong>    Info: 3122951276<\/strong><br>2. Conocer nuestros estatutos y comprometerte con los principios cooperativos.<br>3. Realizar la aportaci\u00f3n inicial requerida para convertirte en socio.<br><br>\u00a1Juntos podemos lograr m\u00e1s!<br>En Coopzumbico, no solo construimos un futuro mejor, lo hacemos en equipo. Asociarte es m\u00e1s que una decisi\u00f3n financiera; es un compromiso con la comunidad y&nbsp;contigo&nbsp;mismo.<\/p><\/div><\/div>\n\n\n\n<div class=\"wp-block-columns is-layout-flex wp-container-core-columns-is-layout-9d6595d7 wp-block-columns-is-layout-flex\">\n<div class=\"wp-block-column is-layout-flow wp-block-column-is-layout-flow\" style=\"flex-basis:50%\">\n<style>\n        .custom-button {\n    background-color: #2D2F32; \/* Color oscuro de fondo *\/\n    color: white; \/* Texto en blanco *\/\n    border: none; \/* Sin borde *\/\n    padding: 10px 20px; \/* Espaciado interno ajustado *\/\n    border-radius: 5px; \/* Bordes redondeados *\/\n    font-size: 16px; \/* Tama\u00f1o de fuente *\/\n    font-weight: bold; \/* Texto en negrita *\/\n    cursor: pointer; \/* Manito al pasar el cursor *\/\n    display: inline-block; \/* Ajusta al contenido *\/\n    text-align: center; \/* Centra el texto *\/\n    width: auto; \/* Ancho autom\u00e1tico seg\u00fan el contenido *\/\n    min-width: 120px; \/* Evita que sea demasiado peque\u00f1o *\/\n}\n        }\n\n        .custom-button:hover {\n            background-color: #1F2124; \/* Cambio de color al pasar el mouse *\/\n        }\n    <\/style>\n<button class=\"custom-button\" onclick=\"window.location.href='mailto:gerente@coopzumbico.com?subject=Asunto%20del%20correo&#038;body=Hola,%20quisiera%20m\u00e1s%20informaci\u00f3n.'\">\n    As\u00f3ciate\n<\/button>\n<\/div>\n\n\n\n<div class=\"wp-block-column is-layout-flow wp-block-column-is-layout-flow\" style=\"flex-basis:50%\"><\/div>\n<\/div>\n<\/div>\n<\/div>\n\n\n\n<div class=\"wp-block-uagb-container uagb-block-7ef8e5b9 alignfull uagb-is-root-container\"><div class=\"uagb-container-inner-blocks-wrap\">\n<div class=\"wp-block-uagb-container uagb-block-164aa819\">\n<div class=\"wp-block-uagb-info-box uagb-block-74b3da7c uagb-infobox__content-wrap  uagb-infobox-icon-left uagb-infobox-left uagb-infobox-stacked-tablet uagb-infobox-image-valign-top\"><div class=\"uagb-ifb-icon-wrap\"><svg xmlns=\"https:\/\/www.w3.org\/2000\/svg\" viewBox=\"0 0 448 512\"><path d=\"M285.6 444.1C279.8 458.3 264.8 466.3 249.8 463.4C234.8 460.4 223.1 447.3 223.1 432V256H47.1C32.71 256 19.55 245.2 16.6 230.2C13.65 215.2 21.73 200.2 35.88 194.4L387.9 50.38C399.8 45.5 413.5 48.26 422.6 57.37C431.7 66.49 434.5 80.19 429.6 92.12L285.6 444.1z\"><\/path><\/svg><\/div><div class=\"uagb-ifb-content\"><div class=\"uagb-ifb-title-wrap\"><h6 class=\"uagb-ifb-title\">Direcci\u00f3n:<\/h6><\/div><p class=\"uagb-ifb-desc\">Jambal\u00f3 Zumbico &#8211; Cauca<\/p><\/div><\/div>\n<\/div>\n\n\n\n<div class=\"wp-block-uagb-container uagb-block-a365e8f2\">\n<div class=\"wp-block-uagb-info-box uagb-block-ddb7c43e uagb-infobox__content-wrap  uagb-infobox-icon-left uagb-infobox-left uagb-infobox-stacked-tablet uagb-infobox-image-valign-top\"><div class=\"uagb-ifb-icon-wrap\"><svg xmlns=\"https:\/\/www.w3.org\/2000\/svg\" viewBox=\"0 0 512 512\"><path d=\"M464 64C490.5 64 512 85.49 512 112C512 127.1 504.9 141.3 492.8 150.4L275.2 313.6C263.8 322.1 248.2 322.1 236.8 313.6L19.2 150.4C7.113 141.3 0 127.1 0 112C0 85.49 21.49 64 48 64H464zM217.6 339.2C240.4 356.3 271.6 356.3 294.4 339.2L512 176V384C512 419.3 483.3 448 448 448H64C28.65 448 0 419.3 0 384V176L217.6 339.2z\"><\/path><\/svg><\/div><div class=\"uagb-ifb-content\"><div class=\"uagb-ifb-title-wrap\"><h6 class=\"uagb-ifb-title\">Correo:<\/h6><\/div><p class=\"uagb-ifb-desc\">gerente@coopzumbico.com<\/p><\/div><\/div>\n<\/div>\n\n\n\n<div class=\"wp-block-uagb-container uagb-block-0ac451c0\">\n<div class=\"wp-block-uagb-info-box uagb-block-a2de989b uagb-infobox__content-wrap  uagb-infobox-icon-left uagb-infobox-left uagb-infobox-stacked-tablet uagb-infobox-image-valign-top\"><div class=\"uagb-ifb-icon-wrap\"><svg xmlns=\"https:\/\/www.w3.org\/2000\/svg\" viewBox=\"0 0 448 512\"><path d=\"M384 32H64C28.65 32 0 60.65 0 96v320c0 35.35 28.65 64 64 64h320c35.35 0 64-28.65 64-64V96C448 60.65 419.3 32 384 32zM351.6 321.5l-11.62 50.39c-1.633 7.125-7.9 12.11-15.24 12.11c-126.1 0-228.7-102.6-228.7-228.8c0-7.328 4.984-13.59 12.11-15.22l50.38-11.63c7.344-1.703 14.88 2.109 17.93 9.062l23.27 54.28c2.719 6.391 .8828 13.83-4.492 18.22L168.3 232c16.99 34.61 45.14 62.75 79.77 79.75l22.02-26.91c4.344-5.391 11.85-7.25 18.24-4.484l54.24 23.25C349.5 306.6 353.3 314.2 351.6 321.5z\"><\/path><\/svg><\/div><div class=\"uagb-ifb-content\"><div class=\"uagb-ifb-title-wrap\"><h6 class=\"uagb-ifb-title\">Numeros de celular:<\/h6><\/div><p class=\"uagb-ifb-desc\">312-295-12-76&nbsp; <\/p><\/div><\/div>\n<\/div>\n<\/div><\/div>\n","protected":false},"excerpt":{"rendered":"<p>As\u00f3ciate<\/p>\n","protected":false},"author":1,"featured_media":0,"parent":0,"menu_order":0,"comment_status":"closed","ping_status":"closed","template":"elementor_header_footer","meta":{"_uag_custom_page_level_css":"","footnotes":""},"class_list":["post-547","page","type-page","status-publish","hentry"],"uagb_featured_image_src":{"full":false,"thumbnail":false,"medium":false,"medium_large":false,"large":false,"1536x1536":false,"2048x2048":false,"bizberg_medium":false,"bizberg_gallery":false,"bizberg_blog_list":false,"bizberg_detail_image":false,"bizberg_detail_image_no_sidebar":false,"bizberg_portfolio_homepage":false,"bizberg_blog_list_no_sidebar_1":false},"uagb_author_info":{"display_name":"jeffersoncy","author_link":"https:\/\/coopzumbico.com\/index.php\/author\/jeffersoncy\/"},"uagb_comment_info":0,"uagb_excerpt":"As\u00f3ciate","_links":{"self":[{"href":"https:\/\/coopzumbico.com\/index.php\/wp-json\/wp\/v2\/pages\/547","targetHints":{"allow":["GET"]}}],"collection":[{"href":"https:\/\/coopzumbico.com\/index.php\/wp-json\/wp\/v2\/pages"}],"about":[{"href":"https:\/\/coopzumbico.com\/index.php\/wp-json\/wp\/v2\/types\/page"}],"author":[{"embeddable":true,"href":"https:\/\/coopzumbico.com\/index.php\/wp-json\/wp\/v2\/users\/1"}],"replies":[{"embeddable":true,"href":"https:\/\/coopzumbico.com\/index.php\/wp-json\/wp\/v2\/comments?post=547"}],"version-history":[{"count":110,"href":"https:\/\/coopzumbico.com\/index.php\/wp-json\/wp\/v2\/pages\/547\/revisions"}],"predecessor-version":[{"id":846,"href":"https:\/\/coopzumbico.com\/index.php\/wp-json\/wp\/v2\/pages\/547\/revisions\/846"}],"wp:attachment":[{"href":"https:\/\/coopzumbico.com\/index.php\/wp-json\/wp\/v2\/media?parent=547"}],"curies":[{"name":"wp","href":"https:\/\/api.w.org\/{rel}","templated":true}]}}