{"id":430,"date":"2022-05-11T11:16:21","date_gmt":"2022-05-11T11:16:21","guid":{"rendered":"https:\/\/coopzumbico.com\/index.php\/about-us\/"},"modified":"2025-03-16T00:39:15","modified_gmt":"2025-03-16T00:39:15","slug":"about-us","status":"publish","type":"page","link":"https:\/\/coopzumbico.com\/index.php\/about-us\/","title":{"rendered":"NUESTRA HISTORIA"},"content":{"rendered":"\n<p><\/p>\n\n\n\n<p>En 1963 empiezan a organizar el personal para la creaci\u00f3n de una peque\u00f1a tienda y posteriormente pensar en organizar la cooperativa agropecuaria con el prop\u00f3sito de satisfacer una necesidad de la comunidad.<\/p>\n\n\n\n<p>En 1964, la Superintendencia Nacional de Cooperativas, en uso de sus atribuciones legales y espacialmente las que confiere el literal b) Art. 3 del decreto-ley 15 87 de 963 y considerando: Que el se\u00f1or VENANCIO TOMBE, en su calidad de gerente Provisional, otorgada la resoluci\u00f3n N\u00b0 00468 de 1964 (16 de sep. 1964) por la cual se reconoce la personer\u00eda jur\u00eddica a la &#8220;COOPERATIVA AGR\u00cdCOLA DE ZUMBICO LTDA&#8221; En se mismo a\u00f1o el acta fue llevada por el se\u00f1or LAURENTINO YULE e inscrita en la notar\u00eda de Silvia, departamento del Cauca el d\u00eda 27 de octubre por el doctor Juan Bautista Rengifo notario p\u00fablico del circuito de Silva y en presencia de dos testigos: Hernando Antonio O y Mario Yalanda que fue constituida con el nombre de la empresa Cooperativa Agr\u00edcola de Zumbico &#8220;LTDA&#8221; con 79 asociados.<\/p>\n\n\n\n<p>Entre 1967-1968, JUAN TOMBE es presidente de la asociaci\u00f3n nacional de usuarios campesinos, programa de reforma agraria ANUC. Esta pol\u00edtica organizada estaba a nivel local, regional y nacional, y era una estrategia pol\u00edtica para luchar contra los grandes latifundistas y recuperar las tierras. Los terrajeros luchan por no pago de Terraje, surgen violencia entre patrones y terrajero.<\/p>\n\n\n\n<p>En 1971, el 24 de febrero naci\u00f3 la organizaci\u00f3n del Consejo Regional Ind\u00edgena del Cauca CRIC en el Resguardo de Toribio. A su creaci\u00f3n asistieron cinco cabildos: Toribio, San Francisco, Tacuey\u00f3, Jambal\u00f3 y Totor\u00f3, adem\u00e1s asistieron representantes del pueblo Guambiano y de los Municipios de Corinto y Miranda y las representaciones de las empresas comunitarias y cooperativas existentes. Los cabildos, los l\u00edderes y mayores reunidos en esta asamblea, propusieron unos principios: UNIDAD, TIERRA, CULTURA Y AUTONOMIA y se plante\u00f3 una plataforma de lucha de 7 puntos. Recuperar la tierra de los Resguardos, Ampliar los Resguardos, Fortalecer los Cabildos, No pago de terraje, Dar a conocer las leyes sobre ind\u00edgenas y exigir su justa aplicaci\u00f3n, Defender la historia la lengua y las costumbres y Formar profesores ind\u00edgenas.<\/p>\n\n\n\n<p>El 16 de septiembre de 2004 la comunidad celebra 40 a\u00f1os de la Cooperativa, donde se homenaje\u00f3 a grandes l\u00edderes de esta organizaci\u00f3n resaltando los grandes logros y dificultades presentadas durante el proceso de la cooperativa. La participaci\u00f3n directa al fortalecimiento de las dem\u00e1s organizaciones sociales, el aporte significativo de nuestros mayores, mayoras y exgobernadores a la organizaci\u00f3n del cabildo ind\u00edgena de Jambal\u00f3 y lucha por reivindicar nuestros derechos, el no pago de terraje, recuperaci\u00f3n de la madre tierra. El impacto social que genera a las dem\u00e1s comunidades del territorio de Jambal\u00f3, a los resguardos y municipios hermano tanto a nivel local zonal regional y nacional.<\/p>\n\n\n\n<p>En los d\u00edas 19 y 20 del mes de septiembre de 2014 se celebr\u00f3 los 50 a\u00f1os, manifestando gratitud y homenaje a los fundadores, asociados y toda la comunidad por contribuir en los procesos de desarrollo socio econ\u00f3mico y sostenible&nbsp;de&nbsp;asociaci\u00f3n.<\/p>\n","protected":false},"excerpt":{"rendered":"<p>En 1963 empiezan a organizar el personal para la creaci\u00f3n de una peque\u00f1a tienda y posteriormente pensar en organizar la cooperativa agropecuaria con el prop\u00f3sito de satisfacer una necesidad de la comunidad. En 1964, la Superintendencia Nacional de Cooperativas, en uso de sus atribuciones legales y espacialmente las que confiere el literal b) Art. 3 del decreto-ley 15 87 de&#8230;<\/p>\n","protected":false},"author":1,"featured_media":667,"parent":0,"menu_order":0,"comment_status":"closed","ping_status":"closed","template":"","meta":{"_uag_custom_page_level_css":"","footnotes":""},"class_list":["post-430","page","type-page","status-publish","has-post-thumbnail","hentry"],"uagb_featured_image_src":{"full":["https:\/\/coopzumbico.com\/wp-content\/uploads\/2023\/05\/fotos-l-d-antes-002.jpg",852,591,false],"thumbnail":["https:\/\/coopzumbico.com\/wp-content\/uploads\/2023\/05\/fotos-l-d-antes-002-150x150.jpg",150,150,true],"medium":["https:\/\/coopzumbico.com\/wp-content\/uploads\/2023\/05\/fotos-l-d-antes-002-300x208.jpg",300,208,true],"medium_large":["https:\/\/coopzumbico.com\/wp-content\/uploads\/2023\/05\/fotos-l-d-antes-002-768x533.jpg",640,444,true],"large":["https:\/\/coopzumbico.com\/wp-content\/uploads\/2023\/05\/fotos-l-d-antes-002.jpg",640,444,false],"1536x1536":["https:\/\/coopzumbico.com\/wp-content\/uploads\/2023\/05\/fotos-l-d-antes-002.jpg",852,591,false],"2048x2048":["https:\/\/coopzumbico.com\/wp-content\/uploads\/2023\/05\/fotos-l-d-antes-002.jpg",852,591,false],"bizberg_medium":["https:\/\/coopzumbico.com\/wp-content\/uploads\/2023\/05\/fotos-l-d-antes-002-300x300.jpg",300,300,true],"bizberg_gallery":["https:\/\/coopzumbico.com\/wp-content\/uploads\/2023\/05\/fotos-l-d-antes-002-500x400.jpg",500,400,true],"bizberg_blog_list":["https:\/\/coopzumbico.com\/wp-content\/uploads\/2023\/05\/fotos-l-d-antes-002-368x240.jpg",368,240,true],"bizberg_detail_image":["https:\/\/coopzumbico.com\/wp-content\/uploads\/2023\/05\/fotos-l-d-antes-002-825x400.jpg",825,400,true],"bizberg_detail_image_no_sidebar":["https:\/\/coopzumbico.com\/wp-content\/uploads\/2023\/05\/fotos-l-d-antes-002-852x400.jpg",852,400,true],"bizberg_portfolio_homepage":["https:\/\/coopzumbico.com\/wp-content\/uploads\/2023\/05\/fotos-l-d-antes-002-600x400.jpg",600,400,true],"bizberg_blog_list_no_sidebar_1":["https:\/\/coopzumbico.com\/wp-content\/uploads\/2023\/05\/fotos-l-d-antes-002-220x190.jpg",220,190,true]},"uagb_author_info":{"display_name":"jeffersoncy","author_link":"https:\/\/coopzumbico.com\/index.php\/author\/jeffersoncy\/"},"uagb_comment_info":0,"uagb_excerpt":"En 1963 empiezan a organizar el personal para la creaci\u00f3n de una peque\u00f1a tienda y posteriormente pensar en organizar la cooperativa agropecuaria con el prop\u00f3sito de satisfacer una necesidad de la comunidad. En 1964, la Superintendencia Nacional de Cooperativas, en uso de sus atribuciones legales y espacialmente las que confiere el literal b) Art. 3&hellip;","_links":{"self":[{"href":"https:\/\/coopzumbico.com\/index.php\/wp-json\/wp\/v2\/pages\/430","targetHints":{"allow":["GET"]}}],"collection":[{"href":"https:\/\/coopzumbico.com\/index.php\/wp-json\/wp\/v2\/pages"}],"about":[{"href":"https:\/\/coopzumbico.com\/index.php\/wp-json\/wp\/v2\/types\/page"}],"author":[{"embeddable":true,"href":"https:\/\/coopzumbico.com\/index.php\/wp-json\/wp\/v2\/users\/1"}],"replies":[{"embeddable":true,"href":"https:\/\/coopzumbico.com\/index.php\/wp-json\/wp\/v2\/comments?post=430"}],"version-history":[{"count":2,"href":"https:\/\/coopzumbico.com\/index.php\/wp-json\/wp\/v2\/pages\/430\/revisions"}],"predecessor-version":[{"id":845,"href":"https:\/\/coopzumbico.com\/index.php\/wp-json\/wp\/v2\/pages\/430\/revisions\/845"}],"wp:featuredmedia":[{"embeddable":true,"href":"https:\/\/coopzumbico.com\/index.php\/wp-json\/wp\/v2\/media\/667"}],"wp:attachment":[{"href":"https:\/\/coopzumbico.com\/index.php\/wp-json\/wp\/v2\/media?parent=430"}],"curies":[{"name":"wp","href":"https:\/\/api.w.org\/{rel}","templated":true}]}}